{"id":4733,"date":"2022-03-25T01:03:42","date_gmt":"2022-03-25T01:03:42","guid":{"rendered":"https:\/\/themepanthers.com\/wp\/creote\/v-new\/?page_id=4733"},"modified":"2025-11-28T17:42:22","modified_gmt":"2025-11-28T23:42:22","slug":"inicio","status":"publish","type":"page","link":"https:\/\/autosyucatan.com\/hey-credito\/","title":{"rendered":"Inicio"},"content":{"rendered":"\t\t<div data-elementor-type=\"wp-page\" data-elementor-id=\"4733\" class=\"elementor elementor-4733\">\n\t\t\t\t\t\t<section class=\"elementor-section elementor-top-section elementor-element elementor-element-a8dd2f2 elementor-section-boxed elementor-section-height-default elementor-section-height-default\" data-id=\"a8dd2f2\" data-element_type=\"section\" data-settings=\"{&quot;background_background&quot;:&quot;classic&quot;}\">\n\t\t\t\t\t\t\t<div class=\"elementor-background-overlay\"><\/div>\n\t\t\t\t\t\t\t<div class=\"elementor-container elementor-column-gap-default\">\n\t\t\t\t\t<div class=\"elementor-column elementor-col-33 elementor-top-column elementor-element elementor-element-1a6dcab elementor-invisible\" data-id=\"1a6dcab\" data-element_type=\"column\" data-settings=\"{&quot;animation&quot;:&quot;fadeInLeft&quot;}\">\n\t\t\t<div class=\"elementor-widget-wrap elementor-element-populated\">\n\t\t\t\t\t\t<div class=\"elementor-element elementor-element-a6eb70c elementor-widget elementor-widget-creote-title-v1\" data-id=\"a6eb70c\" data-element_type=\"widget\" data-widget_type=\"creote-title-v1.default\">\n\t\t\t\t<div class=\"elementor-widget-container\">\n\t\t\t\t\t<div class=\"title_all_box style_one dark_color\">\r\n            <!-- Default title style -->\r\n        <div class=\"title_sections left\">\r\n                                        <div class=\"title\">\r\n                    Solicita tu Cr\u00e9dito Automotriz                <\/div>\r\n                                        <p>Tu auto te est\u00e1 esperando. Adquiere una motocicleta, camioneta, auto h\u00edbrido o el\u00e9ctrico, de gasolina o diesel con un <b>Plan de Financiamiento<\/b> a tu medida.<\/p>\r\n                    <\/div>\r\n        <!-- End of default title style -->\r\n\r\n    <\/div>\r\n\t\t\t\t<\/div>\n\t\t\t\t<\/div>\n\t\t\t\t\t<\/div>\n\t\t<\/div>\n\t\t\t\t<div class=\"elementor-column elementor-col-33 elementor-top-column elementor-element elementor-element-68c39fb\" data-id=\"68c39fb\" data-element_type=\"column\">\n\t\t\t<div class=\"elementor-widget-wrap\">\n\t\t\t\t\t\t\t<\/div>\n\t\t<\/div>\n\t\t\t\t<div class=\"elementor-column elementor-col-33 elementor-top-column elementor-element elementor-element-c670a21 mar elementor-invisible\" data-id=\"c670a21\" data-element_type=\"column\" data-settings=\"{&quot;background_background&quot;:&quot;classic&quot;,&quot;animation&quot;:&quot;fadeInLeft&quot;}\">\n\t\t\t<div class=\"elementor-widget-wrap elementor-element-populated\">\n\t\t\t\t\t\t<div class=\"elementor-element elementor-element-19c1621 elementor-widget elementor-widget-creote-title-v1\" data-id=\"19c1621\" data-element_type=\"widget\" data-widget_type=\"creote-title-v1.default\">\n\t\t\t\t<div class=\"elementor-widget-container\">\n\t\t\t\t\t<div class=\"title_all_box style_one dark_color\">\r\n            <!-- Default title style -->\r\n        <div class=\"title_sections center\">\r\n                            <div class=\"before_title\">\r\n                    \n                <\/div>\r\n                                        <div class=\"title\">\r\n                    Ingresa tu informaci\u00f3n                <\/div>\r\n                                <\/div>\r\n        <!-- End of default title style -->\r\n\r\n    <\/div>\r\n\t\t\t\t<\/div>\n\t\t\t\t<\/div>\n\t\t\t\t<div class=\"elementor-element elementor-element-edfe1a5 elementor-widget elementor-widget-creote-contact-form-v1\" data-id=\"edfe1a5\" data-element_type=\"widget\" data-widget_type=\"creote-contact-form-v1.default\">\n\t\t\t\t<div class=\"elementor-widget-container\">\n\t\t\t\t\t<section class=\"contact_form_box_all type_three\"  data-aos=\"fade-up\" data-aos-offset=\"0\" data-aos-delay=\"0\" >  <div class=\"contact_form_box_inner simple_form\"> <div class=\"contact_form_shortcode\">  \n<div class=\"wpcf7 no-js\" id=\"wpcf7-f4761-o1\" lang=\"en-US\" dir=\"ltr\" data-wpcf7-id=\"4761\">\n<div class=\"screen-reader-response\"><p role=\"status\" aria-live=\"polite\" aria-atomic=\"true\"><\/p> <ul><\/ul><\/div>\n<form action=\"\/hey-credito\/wp-json\/wp\/v2\/pages\/4733#wpcf7-f4761-o1\" method=\"post\" class=\"wpcf7-form init\" aria-label=\"Contact form\" novalidate=\"novalidate\" data-status=\"init\">\n<fieldset class=\"hidden-fields-container\"><input type=\"hidden\" name=\"_wpcf7\" value=\"4761\" \/><input type=\"hidden\" name=\"_wpcf7_version\" value=\"6.1.3\" \/><input type=\"hidden\" name=\"_wpcf7_locale\" value=\"en_US\" \/><input type=\"hidden\" name=\"_wpcf7_unit_tag\" value=\"wpcf7-f4761-o1\" \/><input type=\"hidden\" name=\"_wpcf7_container_post\" value=\"0\" \/><input type=\"hidden\" name=\"_wpcf7_posted_data_hash\" value=\"\" \/>\n<\/fieldset>\n<p><label><br \/>\n<span class=\"wpcf7-form-control-wrap\" data-name=\"Nombre\"><input size=\"40\" maxlength=\"400\" class=\"wpcf7-form-control wpcf7-text wpcf7-validates-as-required\" aria-required=\"true\" aria-invalid=\"false\" placeholder=\"Nombre\" value=\"\" type=\"text\" name=\"Nombre\" \/><\/span><br \/>\n<i class=\"fa fa-user\"><\/i><br \/>\n<\/label>\n<\/p>\n<p><label><br \/>\n<span class=\"wpcf7-form-control-wrap\" data-name=\"Telefono\"><input size=\"40\" maxlength=\"400\" class=\"wpcf7-form-control wpcf7-tel wpcf7-validates-as-required wpcf7-text wpcf7-validates-as-tel\" aria-required=\"true\" aria-invalid=\"false\" placeholder=\"Tel\u00e9fono\" value=\"\" type=\"tel\" name=\"Telefono\" \/><\/span><br \/>\n<i class=\"fa fa-mobile\"><\/i><br \/>\n<\/label>\n<\/p>\n<p><label><br \/>\n<span class=\"wpcf7-form-control-wrap\" data-name=\"Correo\"><input size=\"40\" maxlength=\"400\" class=\"wpcf7-form-control wpcf7-email wpcf7-validates-as-required wpcf7-text wpcf7-validates-as-email\" aria-required=\"true\" aria-invalid=\"false\" placeholder=\"Correo\" value=\"\" type=\"email\" name=\"Correo\" \/><\/span><br \/>\n<i class=\"fa fa-envelope\"><\/i><br \/>\n<\/label>\n<\/p>\n<p><label style=\"display:none;\"><br \/>\n<span class=\"wpcf7-form-control-wrap\" data-name=\"Fecha\"><input class=\"wpcf7-form-control wpcf7-date wpcf7-validates-as-date required\" id=\"MydatePicker\" aria-invalid=\"false\" value=\"\" type=\"date\" name=\"Fecha\" \/><\/span><br \/>\n<\/label>\n<\/p>\n<p><input class=\"wpcf7-form-control wpcf7-submit has-spinner\" type=\"submit\" value=\"Enviar Informaci\u00f3n\" \/>\n<\/p><div class=\"wpcf7-response-output\" aria-hidden=\"true\"><\/div>\n<\/form>\n<\/div>\n  <\/div> <\/div> <\/section>\r\n\t\t\t\t<\/div>\n\t\t\t\t<\/div>\n\t\t\t\t\t<\/div>\n\t\t<\/div>\n\t\t\t\t\t<\/div>\n\t\t<\/section>\n\t\t\t\t<section class=\"elementor-section elementor-top-section elementor-element elementor-element-d4825ea elementor-section-boxed elementor-section-height-default elementor-section-height-default\" data-id=\"d4825ea\" data-element_type=\"section\">\n\t\t\t\t\t\t<div class=\"elementor-container elementor-column-gap-default\">\n\t\t\t\t\t<div class=\"elementor-column elementor-col-50 elementor-top-column elementor-element elementor-element-968a176\" data-id=\"968a176\" data-element_type=\"column\">\n\t\t\t<div class=\"elementor-widget-wrap elementor-element-populated\">\n\t\t\t\t\t\t<div class=\"elementor-element elementor-element-c9758f5 elementor-invisible elementor-widget elementor-widget-creote-image-box-v1\" data-id=\"c9758f5\" data-element_type=\"widget\" data-settings=\"{&quot;_animation&quot;:&quot;fadeInUp&quot;}\" data-widget_type=\"creote-image-box-v1.default\">\n\t\t\t\t<div class=\"elementor-widget-container\">\n\t\t\t\t\t <div class=\"image_boxes style_seven\" >  <div class=\"image_box\"> <img decoding=\"async\" src=\"https:\/\/autosyucatan.com\/hey-credito\/wp-content\/uploads\/2025\/11\/requisitos.jpg\" class=\"img-fluid\" alt=\"image\">   <div class=\"experience\"> <div class=\"experience_inner\"> <h2> \u00bfQu\u00e9 Requisitos Necesito? <\/h2> <\/div> <\/div>  <\/div>   <\/div> \r\n\t\t\t\t<\/div>\n\t\t\t\t<\/div>\n\t\t\t\t\t<\/div>\n\t\t<\/div>\n\t\t\t\t<div class=\"elementor-column elementor-col-50 elementor-top-column elementor-element elementor-element-ea3c3f5\" data-id=\"ea3c3f5\" data-element_type=\"column\">\n\t\t\t<div class=\"elementor-widget-wrap elementor-element-populated\">\n\t\t\t\t\t\t<div class=\"elementor-element elementor-element-9708356 elementor-invisible elementor-widget elementor-widget-creote-title-v1\" data-id=\"9708356\" data-element_type=\"widget\" data-settings=\"{&quot;_animation&quot;:&quot;fadeInUp&quot;}\" data-widget_type=\"creote-title-v1.default\">\n\t\t\t\t<div class=\"elementor-widget-container\">\n\t\t\t\t\t<div class=\"title_all_box style_one dark_color\">\r\n            <!-- Default title style -->\r\n        <div class=\"title_sections left\">\r\n                                        <div class=\"title\">\r\n                    El auto que quieres al precio que buscas                <\/div>\r\n                                        <p>Aplica para obtener tu cr\u00e9dito en minutos.<\/p>\r\n                    <\/div>\r\n        <!-- End of default title style -->\r\n\r\n    <\/div>\r\n\t\t\t\t<\/div>\n\t\t\t\t<\/div>\n\t\t\t\t<div class=\"elementor-element elementor-element-18d673e elementor-invisible elementor-widget elementor-widget-creote-list-items-v1\" data-id=\"18d673e\" data-element_type=\"widget\" data-settings=\"{&quot;_animation&quot;:&quot;fadeInUp&quot;}\" data-widget_type=\"creote-list-items-v1.default\">\n\t\t\t\t<div class=\"elementor-widget-container\">\n\t\t\t\t\t \r\n  <div class=\"list_item_box style_two style_list\"> <ul class=\"list-inline\">  <li class=\"list_items\"> <small class='d-flex align-items-center'>   <span class=\"icon_bx\"> <i class=\" icon-arrow-right-circle\"><\/i> <\/span>   <a class=\"nav_link\" href=\"\"  target=&quot;_blank&quot;  rel=&quot;nofollow&quot;> Tener entre <b>18 y 67 a\u00f1os<\/b> <\/a> <\/small> <\/li>  <li class=\"list_items\"> <small class='d-flex align-items-center'>   <span class=\"icon_bx\"> <i class=\" icon-arrow-right-circle\"><\/i> <\/span>   <a class=\"nav_link\" href=\"\"  target=&quot;_blank&quot;  rel=&quot;nofollow&quot;> INE ambos lados <\/a> <\/small> <\/li>  <li class=\"list_items\"> <small class='d-flex align-items-center'>   <span class=\"icon_bx\"> <i class=\" icon-arrow-right-circle\"><\/i> <\/span>   <a class=\"nav_link\" href=\"\"  target=&quot;_blank&quot;  rel=&quot;nofollow&quot;> Comprobante de domicilio <\/a> <\/small> <\/li>  <li class=\"list_items\"> <small class='d-flex align-items-center'>   <span class=\"icon_bx\"> <i class=\" icon-arrow-right-circle\"><\/i> <\/span>   <a class=\"nav_link\" href=\"\"  target=&quot;_blank&quot;  rel=&quot;nofollow&quot;> Comprobante de ingresos <\/a> <\/small> <\/li>  <li class=\"list_items\"> <small class='d-flex align-items-center'>   <span class=\"icon_bx\"> <i class=\" icon-arrow-right-circle\"><\/i> <\/span>   <a class=\"nav_link\" href=\"\"  target=&quot;_blank&quot;  rel=&quot;nofollow&quot;> Solicitud de cr\u00e9dito <b>completada<\/b> <\/a> <\/small> <\/li>  <\/ul><\/div>\t\t\t\t<\/div>\n\t\t\t\t<\/div>\n\t\t\t\t<div class=\"elementor-element elementor-element-061f86b elementor-invisible elementor-widget elementor-widget-creote-themebtns-v1\" data-id=\"061f86b\" data-element_type=\"widget\" data-settings=\"{&quot;_animation&quot;:&quot;fadeInUp&quot;}\" data-widget_type=\"creote-themebtns-v1.default\">\n\t\t\t\t<div class=\"elementor-widget-container\">\n\t\t\t\t\t<div class=\"theme_btn_all color_one\">  <a href=\"#\"   rel=&quot;nofollow&quot; class=\"theme-btn two\"> Solicita m\u00e1s Informaci\u00f3n <\/a> <\/div>\r\n\t\t\t\t<\/div>\n\t\t\t\t<\/div>\n\t\t\t\t\t<\/div>\n\t\t<\/div>\n\t\t\t\t\t<\/div>\n\t\t<\/section>\n\t\t\t\t<section class=\"elementor-section elementor-top-section elementor-element elementor-element-fa12bf8 elementor-section-boxed elementor-section-height-default elementor-section-height-default\" data-id=\"fa12bf8\" data-element_type=\"section\" data-settings=\"{&quot;background_background&quot;:&quot;classic&quot;}\">\n\t\t\t\t\t\t<div class=\"elementor-container elementor-column-gap-default\">\n\t\t\t\t\t<div class=\"elementor-column elementor-col-100 elementor-top-column elementor-element elementor-element-f512b8e\" data-id=\"f512b8e\" data-element_type=\"column\">\n\t\t\t<div class=\"elementor-widget-wrap elementor-element-populated\">\n\t\t\t\t\t\t<section class=\"elementor-section elementor-inner-section elementor-element elementor-element-956b981 elementor-section-full_width elementor-section-height-default elementor-section-height-default elementor-invisible\" data-id=\"956b981\" data-element_type=\"section\" data-settings=\"{&quot;animation&quot;:&quot;fadeInUp&quot;}\">\n\t\t\t\t\t\t<div class=\"elementor-container elementor-column-gap-no\">\n\t\t\t\t\t<div class=\"elementor-column elementor-col-33 elementor-inner-column elementor-element elementor-element-629e40b\" data-id=\"629e40b\" data-element_type=\"column\">\n\t\t\t<div class=\"elementor-widget-wrap\">\n\t\t\t\t\t\t\t<\/div>\n\t\t<\/div>\n\t\t\t\t<div class=\"elementor-column elementor-col-33 elementor-inner-column elementor-element elementor-element-0731872\" data-id=\"0731872\" data-element_type=\"column\">\n\t\t\t<div class=\"elementor-widget-wrap elementor-element-populated\">\n\t\t\t\t\t\t<div class=\"elementor-element elementor-element-2bd19cd elementor-widget elementor-widget-creote-title-v1\" data-id=\"2bd19cd\" data-element_type=\"widget\" data-widget_type=\"creote-title-v1.default\">\n\t\t\t\t<div class=\"elementor-widget-container\">\n\t\t\t\t\t<div class=\"title_all_box style_one dark_color\">\r\n            <!-- Default title style -->\r\n        <div class=\"title_sections center\">\r\n                                        <div class=\"title\">\r\n                    Te  explicamos el proceso\n                <\/div>\r\n                                        <p>Obtener un cr\u00e9dito con la alianza Autos Yucat\u00e1n y Hey banco es muy sencillo<\/p>\r\n                    <\/div>\r\n        <!-- End of default title style -->\r\n\r\n    <\/div>\r\n\t\t\t\t<\/div>\n\t\t\t\t<\/div>\n\t\t\t\t\t<\/div>\n\t\t<\/div>\n\t\t\t\t<div class=\"elementor-column elementor-col-33 elementor-inner-column elementor-element elementor-element-336c8c3\" data-id=\"336c8c3\" data-element_type=\"column\">\n\t\t\t<div class=\"elementor-widget-wrap\">\n\t\t\t\t\t\t\t<\/div>\n\t\t<\/div>\n\t\t\t\t\t<\/div>\n\t\t<\/section>\n\t\t\t\t<section class=\"elementor-section elementor-inner-section elementor-element elementor-element-2b0c860 elementor-section-full_width elementor-section-height-default elementor-section-height-default elementor-invisible\" data-id=\"2b0c860\" data-element_type=\"section\" data-settings=\"{&quot;animation&quot;:&quot;fadeInUp&quot;}\">\n\t\t\t\t\t\t<div class=\"elementor-container elementor-column-gap-no\">\n\t\t\t\t\t<div class=\"elementor-column elementor-col-25 elementor-inner-column elementor-element elementor-element-8c913d1\" data-id=\"8c913d1\" data-element_type=\"column\" data-settings=\"{&quot;background_background&quot;:&quot;classic&quot;}\">\n\t\t\t<div class=\"elementor-widget-wrap elementor-element-populated\">\n\t\t\t\t\t\t<div class=\"elementor-element elementor-element-b078252 elementor-widget elementor-widget-creote-iconbox-v1\" data-id=\"b078252\" data-element_type=\"widget\" data-widget_type=\"creote-iconbox-v1.default\">\n\t\t\t\t<div class=\"elementor-widget-container\">\n\t\t\t\t\t<div class=\"icon_box_all style_six\" \r\n    >\r\n\r\n            <div class=\"icon_content\">\r\n                            <div class=\"icon\">\r\n                    <img decoding=\"async\" src=\"https:\/\/autosyucatan.com\/hey-credito\/wp-content\/uploads\/2025\/11\/personal.png\" class=\"img-fluid svg_image\" alt=\"\" \/>\r\n                <\/div>\r\n                        <div class=\"text_box\">\r\n                                  <h2 class=\"icontitle\">\r\n                                              D\u00e9janos tus datos                                                <\/h2>\r\n                                                    <p>\r\n                        Con esta informaci\u00f3n obt\u00e9ndremos la aprobaci\u00f3n de tu <b>cr\u00e9dito en minutos.<\/b>                    <\/p>\r\n                            <\/div>\r\n        <\/div>\r\n\r\n    <\/div>\r\n\t\t\t\t<\/div>\n\t\t\t\t<\/div>\n\t\t\t\t\t<\/div>\n\t\t<\/div>\n\t\t\t\t<div class=\"elementor-column elementor-col-25 elementor-inner-column elementor-element elementor-element-e62b384\" data-id=\"e62b384\" data-element_type=\"column\" data-settings=\"{&quot;background_background&quot;:&quot;classic&quot;}\">\n\t\t\t<div class=\"elementor-widget-wrap elementor-element-populated\">\n\t\t\t\t\t\t<div class=\"elementor-element elementor-element-bc16b65 elementor-widget elementor-widget-creote-iconbox-v1\" data-id=\"bc16b65\" data-element_type=\"widget\" data-widget_type=\"creote-iconbox-v1.default\">\n\t\t\t\t<div class=\"elementor-widget-container\">\n\t\t\t\t\t<div class=\"icon_box_all style_six\" \r\n    >\r\n\r\n            <div class=\"icon_content\">\r\n                            <div class=\"icon\">\r\n                    <img decoding=\"async\" src=\"https:\/\/autosyucatan.com\/hey-credito\/wp-content\/uploads\/2025\/11\/whats.jpg\" class=\"img-fluid svg_image\" alt=\"\" \/>\r\n                <\/div>\r\n                        <div class=\"text_box\">\r\n                                  <h2 class=\"icontitle\">\r\n                                              Contacto Whatsapp                                                <\/h2>\r\n                                                    <p>\r\n                        Te escribiremos para pedirte documentos y ayudarte a <b>personalizar tu cr\u00e9dito.<\/b>                    <\/p>\r\n                            <\/div>\r\n        <\/div>\r\n\r\n    <\/div>\r\n\t\t\t\t<\/div>\n\t\t\t\t<\/div>\n\t\t\t\t\t<\/div>\n\t\t<\/div>\n\t\t\t\t<div class=\"elementor-column elementor-col-25 elementor-inner-column elementor-element elementor-element-2f54634\" data-id=\"2f54634\" data-element_type=\"column\" data-settings=\"{&quot;background_background&quot;:&quot;classic&quot;}\">\n\t\t\t<div class=\"elementor-widget-wrap elementor-element-populated\">\n\t\t\t\t\t\t<div class=\"elementor-element elementor-element-d180284 elementor-widget elementor-widget-creote-iconbox-v1\" data-id=\"d180284\" data-element_type=\"widget\" data-widget_type=\"creote-iconbox-v1.default\">\n\t\t\t\t<div class=\"elementor-widget-container\">\n\t\t\t\t\t<div class=\"icon_box_all style_six\" \r\n    >\r\n\r\n            <div class=\"icon_content\">\r\n                            <div class=\"icon\">\r\n                    <img decoding=\"async\" src=\"https:\/\/autosyucatan.com\/hey-credito\/wp-content\/uploads\/2025\/11\/doc.jpg\" class=\"img-fluid svg_image\" alt=\"\" \/>\r\n                <\/div>\r\n                        <div class=\"text_box\">\r\n                                  <h2 class=\"icontitle\">\r\n                                              Contrato digital                                                <\/h2>\r\n                                                    <p>\r\n                        Te enviaremos tu contrato para que lo firmes de <b>manera digital.<\/b>                    <\/p>\r\n                            <\/div>\r\n        <\/div>\r\n\r\n    <\/div>\r\n\t\t\t\t<\/div>\n\t\t\t\t<\/div>\n\t\t\t\t\t<\/div>\n\t\t<\/div>\n\t\t\t\t<div class=\"elementor-column elementor-col-25 elementor-inner-column elementor-element elementor-element-d6bacf7\" data-id=\"d6bacf7\" data-element_type=\"column\" data-settings=\"{&quot;background_background&quot;:&quot;classic&quot;}\">\n\t\t\t<div class=\"elementor-widget-wrap elementor-element-populated\">\n\t\t\t\t\t\t<div class=\"elementor-element elementor-element-520926a elementor-widget elementor-widget-creote-iconbox-v1\" data-id=\"520926a\" data-element_type=\"widget\" data-widget_type=\"creote-iconbox-v1.default\">\n\t\t\t\t<div class=\"elementor-widget-container\">\n\t\t\t\t\t<div class=\"icon_box_all style_six\" \r\n    >\r\n\r\n            <div class=\"icon_content\">\r\n                            <div class=\"icon\">\r\n                    <img decoding=\"async\" src=\"https:\/\/autosyucatan.com\/hey-credito\/wp-content\/uploads\/2025\/11\/car.jpg\" class=\"img-fluid svg_image\" alt=\"\" \/>\r\n                <\/div>\r\n                        <div class=\"text_box\">\r\n                                  <h2 class=\"icontitle\">\r\n                                              <a href=\"#\"  target=&quot;_blank&quot;  rel=&quot;nofollow&quot;>\r\n                                Elegir el Auto                            <\/a>\r\n                                                <\/h2>\r\n                                                    <p>\r\n                        Nos coordinaremos contigo para que  puedas elegir el <b>auto de tus sue\u00f1os.<\/b>                    <\/p>\r\n                            <\/div>\r\n        <\/div>\r\n\r\n    <\/div>\r\n\t\t\t\t<\/div>\n\t\t\t\t<\/div>\n\t\t\t\t\t<\/div>\n\t\t<\/div>\n\t\t\t\t\t<\/div>\n\t\t<\/section>\n\t\t\t\t<div class=\"elementor-element elementor-element-ce9c95d elementor-widget elementor-widget-creote-description-v1\" data-id=\"ce9c95d\" data-element_type=\"widget\" data-widget_type=\"creote-description-v1.default\">\n\t\t\t\t<div class=\"elementor-widget-container\">\n\t\t\t\t\t<div class=\"description_box\" >  <p>Al enviar tus datos autorizas a Autosyucatan.com para que te contacte por medio de  un asesor y le de seguimiento a tu solicitud.<br>\nAceptas nuestros <b><a href=\"#\">T\u00e9rminos y Condiciones <\/a><\/b> y el uso de tus datos personales de acuerdo a nuestro  <b><a href=\"#\">Aviso de Privacidad.<\/a><\/b> <\/p> <\/div>\r\n\t\t\t\t<\/div>\n\t\t\t\t<\/div>\n\t\t\t\t\t<\/div>\n\t\t<\/div>\n\t\t\t\t\t<\/div>\n\t\t<\/section>\n\t\t\t\t<\/div>\n\t\t","protected":false},"excerpt":{"rendered":"<p>Solicita tu Cr\u00e9dito Automotriz Tu auto te est\u00e1 esperando. Adquiere una motocicleta, camioneta, auto h\u00edbrido o el\u00e9ctrico, de gasolina o diesel con un Plan de Financiamiento a tu medida. Ingresa tu informaci\u00f3n \u00bfQu\u00e9 Requisitos Necesito? El auto que quieres al precio que buscas Aplica para obtener tu cr\u00e9dito en minutos. Tener entre 18 y 67 [&hellip;]<\/p>\n","protected":false},"author":1,"featured_media":0,"parent":0,"menu_order":0,"comment_status":"closed","ping_status":"closed","template":"template-homepage.php","meta":{"footnotes":""},"class_list":["post-4733","page","type-page","status-publish","hentry"],"_links":{"self":[{"href":"https:\/\/autosyucatan.com\/hey-credito\/wp-json\/wp\/v2\/pages\/4733","targetHints":{"allow":["GET"]}}],"collection":[{"href":"https:\/\/autosyucatan.com\/hey-credito\/wp-json\/wp\/v2\/pages"}],"about":[{"href":"https:\/\/autosyucatan.com\/hey-credito\/wp-json\/wp\/v2\/types\/page"}],"author":[{"embeddable":true,"href":"https:\/\/autosyucatan.com\/hey-credito\/wp-json\/wp\/v2\/users\/1"}],"replies":[{"embeddable":true,"href":"https:\/\/autosyucatan.com\/hey-credito\/wp-json\/wp\/v2\/comments?post=4733"}],"version-history":[{"count":155,"href":"https:\/\/autosyucatan.com\/hey-credito\/wp-json\/wp\/v2\/pages\/4733\/revisions"}],"predecessor-version":[{"id":6828,"href":"https:\/\/autosyucatan.com\/hey-credito\/wp-json\/wp\/v2\/pages\/4733\/revisions\/6828"}],"wp:attachment":[{"href":"https:\/\/autosyucatan.com\/hey-credito\/wp-json\/wp\/v2\/media?parent=4733"}],"curies":[{"name":"wp","href":"https:\/\/api.w.org\/{rel}","templated":true}]}}